{"id":3283,"date":"2020-12-23T10:16:51","date_gmt":"2020-12-23T09:16:51","guid":{"rendered":"https:\/\/www.ca17int.eu\/nos-actualites\/"},"modified":"2022-04-13T15:56:18","modified_gmt":"2022-04-13T13:56:18","slug":"news","status":"publish","type":"page","link":"https:\/\/www.ca17int.eu\/en\/news\/","title":{"rendered":"News"},"content":{"rendered":"<div class=\"vce-row-container\"><div class=\"vce-row vce-row--col-gap-0 vce-row-columns--top vce-row-content--top vcv-state--show-resizer\" id=\"el-11046805\" data-vce-do-apply=\"all el-11046805\" data-vce-full-width=\"true\"><div class=\"vce-row-content\" data-vce-element-content=\"true\"><div class=\"vce-col vce-col--md-auto vce-col--xs-1 vce-col--xs-last vce-col--xs-first vce-col--sm-last vce-col--sm-first vce-col--md-last vce-col--lg-last vce-col--xl-last vce-col--md-first vce-col--lg-first vce-col--xl-first\" id=\"el-6f191320\"><div class=\"vce-col-inner\" data-vce-do-apply=\"border margin background  el-6f191320\"><div class=\"vce-content-background-container\"><\/div><div class=\"vce-col-content\" data-vce-element-content=\"true\" data-vce-do-apply=\"padding el-6f191320\"><div class=\"vce-posts-grid-container\"><div class=\"vce vce-posts-grid-wrapper vce-posts-grid--gap-10 vce-posts-grid--columns-4 vce-posts-grid-pagination--color-b-248-135-73--FFF--b-185-149-105--b-255-255-255\" id=\"el-abe7effa\" data-vce-do-apply=\"all el-abe7effa\"><div class=\"vce-posts-grid-list\"><article class=\"vce-posts-grid-item\" itemscope=\"\" itemType=\"http:\/\/schema.org\/Article\"><div class=\"vce-post-description\"><a href=\"https:\/\/www.ca17int.eu\/en\/participation-au-sommet-de-one-planet-summit-ce-lundi-11-janvier-2021\/\" class=\"vce-post-description-link\" itemProp=\"sameAs\"><\/a><div class=\"vce-post-description--background-wrapper-box\">\n    <div class=\"vce-post-description--background-wrapper\">\n        <div class=\"vce-post-description--background\" style=\"background-image: url(https:\/\/www.ca17int.eu\/wp-content\/uploads\/2021\/01\/Sans-titre-3-1.png);\"><\/div>\n    <\/div>\n<\/div>\n<div class=\"vce-post-description--content vce-post-description-content--has-title vce-post-description-content--has-excerpt\">\n    <div class=\"vce-post-description--title\">\n    <h3 itemprop=\"name\">\n        <a href=\"https:\/\/www.ca17int.eu\/en\/participation-au-sommet-de-one-planet-summit-ce-lundi-11-janvier-2021\/\">Participation au sommet de One Planet Summit ce lundi 11 janvier 2021<\/a>\n    <\/h3>\n<\/div>\n    <div class=\"vce-post-description--excerpt\" itemprop=\"description\"><p>Hier, le One Planet Summit a souhait\u00e9 redonner un \u00e9lan \u00e0 l\u2019initiative panafricaine de la Grande Muraille Verte en organisant [&hellip;]<\/p>\n<\/div>\n<\/div>\n<\/div><\/article><\/div><div class=\"vce-posts-grid-pagination\">\n    <\/div>\n<\/div><\/div><\/div><\/div><\/div><\/div><\/div><\/div>\n","protected":false},"excerpt":{"rendered":"","protected":false},"author":1,"featured_media":4021,"parent":0,"menu_order":0,"comment_status":"closed","ping_status":"closed","template":"","meta":{"_acf_changed":false,"footnotes":""},"class_list":["post-3283","page","type-page","status-publish","has-post-thumbnail","hentry"],"acf":[],"yoast_head":"<!-- This site is optimized with the Yoast SEO plugin v27.0 - https:\/\/yoast.com\/product\/yoast-seo-wordpress\/ -->\n<title>Find out our latest news | CA17 International<\/title>\n<meta name=\"description\" content=\"Consult all the news of the engineering office CA 17 International, specialized in international cooperation in rural and local development.\" \/>\n<meta name=\"robots\" content=\"index, follow, max-snippet:-1, max-image-preview:large, max-video-preview:-1\" \/>\n<link rel=\"canonical\" href=\"https:\/\/www.ca17int.eu\/en\/news\/\" \/>\n<meta property=\"og:locale\" content=\"en_US\" \/>\n<meta property=\"og:type\" content=\"article\" \/>\n<meta property=\"og:title\" content=\"Find out our latest news | CA17 International\" \/>\n<meta property=\"og:description\" content=\"Consult all the news of the engineering office CA 17 International, specialized in international cooperation in rural and local development.\" \/>\n<meta property=\"og:url\" content=\"https:\/\/www.ca17int.eu\/en\/news\/\" \/>\n<meta property=\"og:site_name\" content=\"CA17 International\" \/>\n<meta property=\"article:modified_time\" content=\"2022-04-13T13:56:18+00:00\" \/>\n<meta property=\"og:image\" content=\"https:\/\/www.ca17int.eu\/wp-content\/uploads\/2021\/05\/VOZLINSKY-Sarah-CHAD-2021-03-PREPAS-1-1-scaled.jpg\" \/>\n\t<meta property=\"og:image:width\" content=\"1920\" \/>\n\t<meta property=\"og:image:height\" content=\"1092\" \/>\n\t<meta property=\"og:image:type\" content=\"image\/jpeg\" \/>\n<meta name=\"twitter:card\" content=\"summary_large_image\" \/>\n<meta name=\"twitter:label1\" content=\"Est. reading time\" \/>\n\t<meta name=\"twitter:data1\" content=\"1 minute\" \/>\n<script type=\"application\/ld+json\" class=\"yoast-schema-graph\">{\"@context\":\"https:\/\/schema.org\",\"@graph\":[{\"@type\":\"WebPage\",\"@id\":\"https:\/\/www.ca17int.eu\/en\/news\/\",\"url\":\"https:\/\/www.ca17int.eu\/en\/news\/\",\"name\":\"Find out our latest news | CA17 International\",\"isPartOf\":{\"@id\":\"https:\/\/www.ca17int.eu\/#website\"},\"primaryImageOfPage\":{\"@id\":\"https:\/\/www.ca17int.eu\/en\/news\/#primaryimage\"},\"image\":{\"@id\":\"https:\/\/www.ca17int.eu\/en\/news\/#primaryimage\"},\"thumbnailUrl\":\"https:\/\/www.ca17int.eu\/wp-content\/uploads\/2021\/05\/VOZLINSKY-Sarah-CHAD-2021-03-PREPAS-1-1-scaled.jpg\",\"datePublished\":\"2020-12-23T09:16:51+00:00\",\"dateModified\":\"2022-04-13T13:56:18+00:00\",\"description\":\"Consult all the news of the engineering office CA 17 International, specialized in international cooperation in rural and local development.\",\"breadcrumb\":{\"@id\":\"https:\/\/www.ca17int.eu\/en\/news\/#breadcrumb\"},\"inLanguage\":\"en-US\",\"potentialAction\":[{\"@type\":\"ReadAction\",\"target\":[\"https:\/\/www.ca17int.eu\/en\/news\/\"]}]},{\"@type\":\"ImageObject\",\"inLanguage\":\"en-US\",\"@id\":\"https:\/\/www.ca17int.eu\/en\/news\/#primaryimage\",\"url\":\"https:\/\/www.ca17int.eu\/wp-content\/uploads\/2021\/05\/VOZLINSKY-Sarah-CHAD-2021-03-PREPAS-1-1-scaled.jpg\",\"contentUrl\":\"https:\/\/www.ca17int.eu\/wp-content\/uploads\/2021\/05\/VOZLINSKY-Sarah-CHAD-2021-03-PREPAS-1-1-scaled.jpg\",\"width\":1920,\"height\":1092,\"caption\":\"Chad, 2021\/03\/01. Masoul leading the herd to the the well at dawn, Bir Greday, Batha. Semi nomadic populations in the Saharo Sahelian desert in Chad. Photography by Sarah Vozlinsky \/ Hans Lucas. Tchad, 2021\/03\/01. Masoul guide le troupeau vers le puit a l aube, Bir Greday, Batha. Populations semi nomades dans le desert saharo sahelien au Tchad. Photographie par Sarah Vozlinsky \/ Hans Lucas.\"},{\"@type\":\"BreadcrumbList\",\"@id\":\"https:\/\/www.ca17int.eu\/en\/news\/#breadcrumb\",\"itemListElement\":[{\"@type\":\"ListItem\",\"position\":1,\"name\":\"Accueil\",\"item\":\"https:\/\/www.ca17int.eu\/en\/\"},{\"@type\":\"ListItem\",\"position\":2,\"name\":\"News\"}]},{\"@type\":\"WebSite\",\"@id\":\"https:\/\/www.ca17int.eu\/#website\",\"url\":\"https:\/\/www.ca17int.eu\/\",\"name\":\"CA17 International\",\"description\":\"\",\"potentialAction\":[{\"@type\":\"SearchAction\",\"target\":{\"@type\":\"EntryPoint\",\"urlTemplate\":\"https:\/\/www.ca17int.eu\/?s={search_term_string}\"},\"query-input\":{\"@type\":\"PropertyValueSpecification\",\"valueRequired\":true,\"valueName\":\"search_term_string\"}}],\"inLanguage\":\"en-US\"}]}<\/script>\n<!-- \/ Yoast SEO plugin. -->","yoast_head_json":{"title":"Find out our latest news | CA17 International","description":"Consult all the news of the engineering office CA 17 International, specialized in international cooperation in rural and local development.","robots":{"index":"index","follow":"follow","max-snippet":"max-snippet:-1","max-image-preview":"max-image-preview:large","max-video-preview":"max-video-preview:-1"},"canonical":"https:\/\/www.ca17int.eu\/en\/news\/","og_locale":"en_US","og_type":"article","og_title":"Find out our latest news | CA17 International","og_description":"Consult all the news of the engineering office CA 17 International, specialized in international cooperation in rural and local development.","og_url":"https:\/\/www.ca17int.eu\/en\/news\/","og_site_name":"CA17 International","article_modified_time":"2022-04-13T13:56:18+00:00","og_image":[{"width":1920,"height":1092,"url":"https:\/\/www.ca17int.eu\/wp-content\/uploads\/2021\/05\/VOZLINSKY-Sarah-CHAD-2021-03-PREPAS-1-1-scaled.jpg","type":"image\/jpeg"}],"twitter_card":"summary_large_image","twitter_misc":{"Est. reading time":"1 minute"},"schema":{"@context":"https:\/\/schema.org","@graph":[{"@type":"WebPage","@id":"https:\/\/www.ca17int.eu\/en\/news\/","url":"https:\/\/www.ca17int.eu\/en\/news\/","name":"Find out our latest news | CA17 International","isPartOf":{"@id":"https:\/\/www.ca17int.eu\/#website"},"primaryImageOfPage":{"@id":"https:\/\/www.ca17int.eu\/en\/news\/#primaryimage"},"image":{"@id":"https:\/\/www.ca17int.eu\/en\/news\/#primaryimage"},"thumbnailUrl":"https:\/\/www.ca17int.eu\/wp-content\/uploads\/2021\/05\/VOZLINSKY-Sarah-CHAD-2021-03-PREPAS-1-1-scaled.jpg","datePublished":"2020-12-23T09:16:51+00:00","dateModified":"2022-04-13T13:56:18+00:00","description":"Consult all the news of the engineering office CA 17 International, specialized in international cooperation in rural and local development.","breadcrumb":{"@id":"https:\/\/www.ca17int.eu\/en\/news\/#breadcrumb"},"inLanguage":"en-US","potentialAction":[{"@type":"ReadAction","target":["https:\/\/www.ca17int.eu\/en\/news\/"]}]},{"@type":"ImageObject","inLanguage":"en-US","@id":"https:\/\/www.ca17int.eu\/en\/news\/#primaryimage","url":"https:\/\/www.ca17int.eu\/wp-content\/uploads\/2021\/05\/VOZLINSKY-Sarah-CHAD-2021-03-PREPAS-1-1-scaled.jpg","contentUrl":"https:\/\/www.ca17int.eu\/wp-content\/uploads\/2021\/05\/VOZLINSKY-Sarah-CHAD-2021-03-PREPAS-1-1-scaled.jpg","width":1920,"height":1092,"caption":"Chad, 2021\/03\/01. Masoul leading the herd to the the well at dawn, Bir Greday, Batha. Semi nomadic populations in the Saharo Sahelian desert in Chad. Photography by Sarah Vozlinsky \/ Hans Lucas. Tchad, 2021\/03\/01. Masoul guide le troupeau vers le puit a l aube, Bir Greday, Batha. Populations semi nomades dans le desert saharo sahelien au Tchad. Photographie par Sarah Vozlinsky \/ Hans Lucas."},{"@type":"BreadcrumbList","@id":"https:\/\/www.ca17int.eu\/en\/news\/#breadcrumb","itemListElement":[{"@type":"ListItem","position":1,"name":"Accueil","item":"https:\/\/www.ca17int.eu\/en\/"},{"@type":"ListItem","position":2,"name":"News"}]},{"@type":"WebSite","@id":"https:\/\/www.ca17int.eu\/#website","url":"https:\/\/www.ca17int.eu\/","name":"CA17 International","description":"","potentialAction":[{"@type":"SearchAction","target":{"@type":"EntryPoint","urlTemplate":"https:\/\/www.ca17int.eu\/?s={search_term_string}"},"query-input":{"@type":"PropertyValueSpecification","valueRequired":true,"valueName":"search_term_string"}}],"inLanguage":"en-US"}]}},"_links":{"self":[{"href":"https:\/\/www.ca17int.eu\/en\/wp-json\/wp\/v2\/pages\/3283","targetHints":{"allow":["GET"]}}],"collection":[{"href":"https:\/\/www.ca17int.eu\/en\/wp-json\/wp\/v2\/pages"}],"about":[{"href":"https:\/\/www.ca17int.eu\/en\/wp-json\/wp\/v2\/types\/page"}],"author":[{"embeddable":true,"href":"https:\/\/www.ca17int.eu\/en\/wp-json\/wp\/v2\/users\/1"}],"replies":[{"embeddable":true,"href":"https:\/\/www.ca17int.eu\/en\/wp-json\/wp\/v2\/comments?post=3283"}],"version-history":[{"count":4,"href":"https:\/\/www.ca17int.eu\/en\/wp-json\/wp\/v2\/pages\/3283\/revisions"}],"predecessor-version":[{"id":4807,"href":"https:\/\/www.ca17int.eu\/en\/wp-json\/wp\/v2\/pages\/3283\/revisions\/4807"}],"wp:featuredmedia":[{"embeddable":true,"href":"https:\/\/www.ca17int.eu\/en\/wp-json\/wp\/v2\/media\/4021"}],"wp:attachment":[{"href":"https:\/\/www.ca17int.eu\/en\/wp-json\/wp\/v2\/media?parent=3283"}],"curies":[{"name":"wp","href":"https:\/\/api.w.org\/{rel}","templated":true}]}}